{"id":3414,"date":"2022-04-26T13:23:52","date_gmt":"2022-04-26T13:23:52","guid":{"rendered":"https:\/\/martinezbarcelona.com\/producto\/menu-b0\/"},"modified":"2025-10-15T11:22:32","modified_gmt":"2025-10-15T09:22:32","slug":"menu-b0","status":"publish","type":"product","link":"https:\/\/martinezbarcelona.com\/ca\/producto\/menu-b0\/","title":{"rendered":"MEN\u00da B0"},"content":{"rendered":"<p><strong>Entrants freds per a compartir<\/strong><br \/>\nOstra La Fine du Galon d&#8217;Or (Marennes Ol\u00e9ron)<br \/>\nCecina de bou &#8220;El Capricho&#8221;<br \/>\nPa de coca amb tom\u00e0quet de penjar<\/p>\n<p><strong>Entrants calents per a compartir<\/strong><br \/>\nPorro al Josper amb tom\u00e0quets en escabetx, stracciatella fumada i avellanes<br \/>\nTatin de ceba xalota i formatge Tou del Llu\u00e7an\u00e8s<\/p>\n<p>Arr\u00f2s de l\u2019hort i bolets de temporada amb mojo vermell<\/p>\n<p><strong>Principal a escollir<\/strong><br \/>\nMandonguilles de bou i s\u00e8pia<br \/>\nPeix del dia amb salsa Orio<\/p>\n<p><strong>Postres<\/strong><br \/>\nSorbet de fruita de temporada<br \/>\nLingot de gelat de xocolata 70%, cacauet i toffee salat<\/p>\n","protected":false},"excerpt":{"rendered":"<p>Tots els men\u00fas s\u00f3n una base m\u00ednima de 2 persones.<\/p>\n<div id=\"gtx-trans\" style=\"position: absolute; left: 511px; top: 35.5938px;\">\n<div class=\"gtx-trans-icon\"><\/div>\n<\/div>\n","protected":false},"featured_media":5810,"template":"","meta":{"_lmt_disableupdate":"no","_lmt_disable":""},"product_brand":[],"product_cat":[36],"product_tag":[],"class_list":{"0":"post-3414","1":"product","2":"type-product","3":"status-publish","4":"has-post-thumbnail","6":"product_cat-experiencia-ca","8":"first","9":"instock","10":"downloadable","11":"virtual","12":"purchasable","13":"product-type-simple"},"yoast_head":"<!-- This site is optimized with the Yoast SEO Premium plugin v21.5 (Yoast SEO v24.6) - https:\/\/yoast.com\/wordpress\/plugins\/seo\/ -->\n<title>MEN\u00da B0 - Martinez \u00b7 Arroces y Brasas<\/title>\n<meta name=\"robots\" content=\"index, follow, max-snippet:-1, max-image-preview:large, max-video-preview:-1\" \/>\n<link rel=\"canonical\" href=\"https:\/\/martinezbarcelona.com\/ca\/producto\/menu-b0\/\" \/>\n<meta property=\"og:locale\" content=\"ca_ES\" \/>\n<meta property=\"og:type\" content=\"article\" \/>\n<meta property=\"og:title\" content=\"MEN\u00da B0\" \/>\n<meta property=\"og:description\" content=\"Tots els men\u00fas s\u00f3n una base m\u00ednima de 2 persones.\" \/>\n<meta property=\"og:url\" content=\"https:\/\/martinezbarcelona.com\/ca\/producto\/menu-b0\/\" \/>\n<meta property=\"og:site_name\" content=\"Martinez \u00b7 Arroces y Brasas\" \/>\n<meta property=\"article:publisher\" content=\"https:\/\/www.facebook.com\/terrazamartinezbarcelona\/\" \/>\n<meta property=\"article:modified_time\" content=\"2025-10-15T09:22:32+00:00\" \/>\n<meta property=\"og:image\" content=\"https:\/\/martinezbarcelona.com\/web\/wp-content\/uploads\/2024\/05\/CA_MENU_GASTRONOMICO_B0-1.jpg\" \/>\n\t<meta property=\"og:image:width\" content=\"1080\" \/>\n\t<meta property=\"og:image:height\" content=\"1080\" \/>\n\t<meta property=\"og:image:type\" content=\"image\/jpeg\" \/>\n<meta name=\"twitter:card\" content=\"summary_large_image\" \/>\n<meta name=\"twitter:label1\" content=\"Temps estimat de lectura\" \/>\n\t<meta name=\"twitter:data1\" content=\"1 minut\" \/>\n<script type=\"application\/ld+json\" class=\"yoast-schema-graph\">{\"@context\":\"https:\/\/schema.org\",\"@graph\":[{\"@type\":\"WebPage\",\"@id\":\"https:\/\/martinezbarcelona.com\/ca\/producto\/menu-b0\/\",\"url\":\"https:\/\/martinezbarcelona.com\/ca\/producto\/menu-b0\/\",\"name\":\"MEN\u00da B0 - Martinez \u00b7 Arroces y Brasas\",\"isPartOf\":{\"@id\":\"https:\/\/martinezbarcelona.com\/ca\/#website\"},\"primaryImageOfPage\":{\"@id\":\"https:\/\/martinezbarcelona.com\/ca\/producto\/menu-b0\/#primaryimage\"},\"image\":{\"@id\":\"https:\/\/martinezbarcelona.com\/ca\/producto\/menu-b0\/#primaryimage\"},\"thumbnailUrl\":\"https:\/\/martinezbarcelona.com\/web\/wp-content\/uploads\/2024\/05\/CA_MENU_GASTRONOMICO_B0-1.jpg\",\"datePublished\":\"2022-04-26T13:23:52+00:00\",\"dateModified\":\"2025-10-15T09:22:32+00:00\",\"breadcrumb\":{\"@id\":\"https:\/\/martinezbarcelona.com\/ca\/producto\/menu-b0\/#breadcrumb\"},\"inLanguage\":\"ca\",\"potentialAction\":[{\"@type\":\"ReadAction\",\"target\":[\"https:\/\/martinezbarcelona.com\/ca\/producto\/menu-b0\/\"]}]},{\"@type\":\"ImageObject\",\"inLanguage\":\"ca\",\"@id\":\"https:\/\/martinezbarcelona.com\/ca\/producto\/menu-b0\/#primaryimage\",\"url\":\"https:\/\/martinezbarcelona.com\/web\/wp-content\/uploads\/2024\/05\/CA_MENU_GASTRONOMICO_B0-1.jpg\",\"contentUrl\":\"https:\/\/martinezbarcelona.com\/web\/wp-content\/uploads\/2024\/05\/CA_MENU_GASTRONOMICO_B0-1.jpg\",\"width\":1080,\"height\":1080},{\"@type\":\"BreadcrumbList\",\"@id\":\"https:\/\/martinezbarcelona.com\/ca\/producto\/menu-b0\/#breadcrumb\",\"itemListElement\":[{\"@type\":\"ListItem\",\"position\":1,\"name\":\"Portada\",\"item\":\"https:\/\/martinezbarcelona.com\/ca\/home\/\"},{\"@type\":\"ListItem\",\"position\":2,\"name\":\"REGALA MARTINEZ\",\"item\":\"https:\/\/martinezbarcelona.com\/ca\/regala-martinez\/\"},{\"@type\":\"ListItem\",\"position\":3,\"name\":\"MEN\u00da B0\"}]},{\"@type\":\"WebSite\",\"@id\":\"https:\/\/martinezbarcelona.com\/ca\/#website\",\"url\":\"https:\/\/martinezbarcelona.com\/ca\/\",\"name\":\"Martinez \u00b7 Arroces y Brasas\",\"description\":\"Restaurante Terraza Martinez\",\"potentialAction\":[{\"@type\":\"SearchAction\",\"target\":{\"@type\":\"EntryPoint\",\"urlTemplate\":\"https:\/\/martinezbarcelona.com\/ca\/?s={search_term_string}\"},\"query-input\":{\"@type\":\"PropertyValueSpecification\",\"valueRequired\":true,\"valueName\":\"search_term_string\"}}],\"inLanguage\":\"ca\"}]}<\/script>\n<!-- \/ Yoast SEO Premium plugin. -->","yoast_head_json":{"title":"MEN\u00da B0 - Martinez \u00b7 Arroces y Brasas","robots":{"index":"index","follow":"follow","max-snippet":"max-snippet:-1","max-image-preview":"max-image-preview:large","max-video-preview":"max-video-preview:-1"},"canonical":"https:\/\/martinezbarcelona.com\/ca\/producto\/menu-b0\/","og_locale":"ca_ES","og_type":"article","og_title":"MEN\u00da B0","og_description":"Tots els men\u00fas s\u00f3n una base m\u00ednima de 2 persones.","og_url":"https:\/\/martinezbarcelona.com\/ca\/producto\/menu-b0\/","og_site_name":"Martinez \u00b7 Arroces y Brasas","article_publisher":"https:\/\/www.facebook.com\/terrazamartinezbarcelona\/","article_modified_time":"2025-10-15T09:22:32+00:00","og_image":[{"width":1080,"height":1080,"url":"https:\/\/martinezbarcelona.com\/web\/wp-content\/uploads\/2024\/05\/CA_MENU_GASTRONOMICO_B0-1.jpg","type":"image\/jpeg"}],"twitter_card":"summary_large_image","twitter_misc":{"Temps estimat de lectura":"1 minut"},"schema":{"@context":"https:\/\/schema.org","@graph":[{"@type":"WebPage","@id":"https:\/\/martinezbarcelona.com\/ca\/producto\/menu-b0\/","url":"https:\/\/martinezbarcelona.com\/ca\/producto\/menu-b0\/","name":"MEN\u00da B0 - Martinez \u00b7 Arroces y Brasas","isPartOf":{"@id":"https:\/\/martinezbarcelona.com\/ca\/#website"},"primaryImageOfPage":{"@id":"https:\/\/martinezbarcelona.com\/ca\/producto\/menu-b0\/#primaryimage"},"image":{"@id":"https:\/\/martinezbarcelona.com\/ca\/producto\/menu-b0\/#primaryimage"},"thumbnailUrl":"https:\/\/martinezbarcelona.com\/web\/wp-content\/uploads\/2024\/05\/CA_MENU_GASTRONOMICO_B0-1.jpg","datePublished":"2022-04-26T13:23:52+00:00","dateModified":"2025-10-15T09:22:32+00:00","breadcrumb":{"@id":"https:\/\/martinezbarcelona.com\/ca\/producto\/menu-b0\/#breadcrumb"},"inLanguage":"ca","potentialAction":[{"@type":"ReadAction","target":["https:\/\/martinezbarcelona.com\/ca\/producto\/menu-b0\/"]}]},{"@type":"ImageObject","inLanguage":"ca","@id":"https:\/\/martinezbarcelona.com\/ca\/producto\/menu-b0\/#primaryimage","url":"https:\/\/martinezbarcelona.com\/web\/wp-content\/uploads\/2024\/05\/CA_MENU_GASTRONOMICO_B0-1.jpg","contentUrl":"https:\/\/martinezbarcelona.com\/web\/wp-content\/uploads\/2024\/05\/CA_MENU_GASTRONOMICO_B0-1.jpg","width":1080,"height":1080},{"@type":"BreadcrumbList","@id":"https:\/\/martinezbarcelona.com\/ca\/producto\/menu-b0\/#breadcrumb","itemListElement":[{"@type":"ListItem","position":1,"name":"Portada","item":"https:\/\/martinezbarcelona.com\/ca\/home\/"},{"@type":"ListItem","position":2,"name":"REGALA MARTINEZ","item":"https:\/\/martinezbarcelona.com\/ca\/regala-martinez\/"},{"@type":"ListItem","position":3,"name":"MEN\u00da B0"}]},{"@type":"WebSite","@id":"https:\/\/martinezbarcelona.com\/ca\/#website","url":"https:\/\/martinezbarcelona.com\/ca\/","name":"Martinez \u00b7 Arroces y Brasas","description":"Restaurante Terraza Martinez","potentialAction":[{"@type":"SearchAction","target":{"@type":"EntryPoint","urlTemplate":"https:\/\/martinezbarcelona.com\/ca\/?s={search_term_string}"},"query-input":{"@type":"PropertyValueSpecification","valueRequired":true,"valueName":"search_term_string"}}],"inLanguage":"ca"}]}},"_links":{"self":[{"href":"https:\/\/martinezbarcelona.com\/ca\/wp-json\/wp\/v2\/product\/3414","targetHints":{"allow":["GET"]}}],"collection":[{"href":"https:\/\/martinezbarcelona.com\/ca\/wp-json\/wp\/v2\/product"}],"about":[{"href":"https:\/\/martinezbarcelona.com\/ca\/wp-json\/wp\/v2\/types\/product"}],"wp:featuredmedia":[{"embeddable":true,"href":"https:\/\/martinezbarcelona.com\/ca\/wp-json\/wp\/v2\/media\/5810"}],"wp:attachment":[{"href":"https:\/\/martinezbarcelona.com\/ca\/wp-json\/wp\/v2\/media?parent=3414"}],"wp:term":[{"taxonomy":"product_brand","embeddable":true,"href":"https:\/\/martinezbarcelona.com\/ca\/wp-json\/wp\/v2\/product_brand?post=3414"},{"taxonomy":"product_cat","embeddable":true,"href":"https:\/\/martinezbarcelona.com\/ca\/wp-json\/wp\/v2\/product_cat?post=3414"},{"taxonomy":"product_tag","embeddable":true,"href":"https:\/\/martinezbarcelona.com\/ca\/wp-json\/wp\/v2\/product_tag?post=3414"}],"curies":[{"name":"wp","href":"https:\/\/api.w.org\/{rel}","templated":true}]}}