{"id":5412,"date":"2023-10-24T14:06:14","date_gmt":"2023-10-24T12:06:14","guid":{"rendered":"https:\/\/martinezbarcelona.com\/atencion-al-cliente\/"},"modified":"2023-11-29T11:03:12","modified_gmt":"2023-11-29T09:03:12","slug":"atencio-al-client","status":"publish","type":"page","link":"https:\/\/martinezbarcelona.com\/ca\/atencio-al-client\/","title":{"rendered":"ATENCI\u00d3 AL CLIENT"},"content":{"rendered":"\n<style type=\"text\/css\" data-created_by=\"avia_inline_auto\" id=\"style-css-av-kxqgpnxa-5d1ba85b41c0e97de8f5fac1f29cf4f2\">\n#top .av-special-heading.av-kxqgpnxa-5d1ba85b41c0e97de8f5fac1f29cf4f2{\nmargin:15px 0 0 0;\npadding-bottom:10px;\nfont-size:35px;\n}\nbody .av-special-heading.av-kxqgpnxa-5d1ba85b41c0e97de8f5fac1f29cf4f2 .av-special-heading-tag .heading-char{\nfont-size:25px;\n}\n#top #wrap_all .av-special-heading.av-kxqgpnxa-5d1ba85b41c0e97de8f5fac1f29cf4f2 .av-special-heading-tag{\nfont-size:35px;\n}\n.av-special-heading.av-kxqgpnxa-5d1ba85b41c0e97de8f5fac1f29cf4f2 .av-subheading{\nfont-size:20px;\ncolor:#cc0000;\n}\n\n@media only screen and (min-width: 480px) and (max-width: 767px){ \n#top #wrap_all .av-special-heading.av-kxqgpnxa-5d1ba85b41c0e97de8f5fac1f29cf4f2 .av-special-heading-tag{\nfont-size:0.8em;\n}\n}\n\n@media only screen and (max-width: 479px){ \n#top #wrap_all .av-special-heading.av-kxqgpnxa-5d1ba85b41c0e97de8f5fac1f29cf4f2 .av-special-heading-tag{\nfont-size:0.8em;\n}\n}\n<\/style>\n<div  class='av-special-heading av-kxqgpnxa-5d1ba85b41c0e97de8f5fac1f29cf4f2 av-special-heading-h1 custom-color-heading blockquote modern-quote modern-centered  avia-builder-el-0  el_before_av_section  avia-builder-el-no-sibling  av-inherit-size'><h1 class='av-special-heading-tag'  itemprop=\"headline\"  >ATENCI\u00d3 AL CLIENT<\/h1><div class='av-subheading av-subheading_below'><p>\u00bfEn qu\u00e8 et podem ajudar?<\/p>\n<\/div><div class=\"special-heading-border\"><div class=\"special-heading-inner-border\"><\/div><\/div><\/div>\n<\/div><\/div><\/div><!-- close content main div --><\/div><\/div><div id='av_section_1'  class='avia-section av-2sqda3-c12e19ca757294951bdc1a11a512f511 main_color avia-section-no-padding avia-no-border-styling  avia-builder-el-1  el_after_av_heading  el_before_av_hr  form-factura avia-bg-style-scroll container_wrap fullsize'  ><div class='container av-section-cont-open' ><div class='template-page content  av-content-full alpha units'><div class='post-entry post-entry-type-page post-entry-5412'><div class='entry-content-wrapper clearfix'>\n\n<style type=\"text\/css\" data-created_by=\"avia_inline_auto\" id=\"style-css-av-3hzkrf-eaa6fb53696c4fc8248788e4234895c3\">\n.flex_column.av-3hzkrf-eaa6fb53696c4fc8248788e4234895c3{\npadding:0 0 0 0;\n}\n<\/style>\n<div class='flex_column av-3hzkrf-eaa6fb53696c4fc8248788e4234895c3 av_one_half  avia-builder-el-2  el_before_av_one_half  avia-builder-el-first  first flex_column_div av-zero-column-padding '     ><p>\n<style type=\"text\/css\" data-created_by=\"avia_inline_auto\" id=\"style-css-av-kxspiecw-e6539465bf543da7f539145cab3635f4\">\n#top .av_textblock_section.av-kxspiecw-e6539465bf543da7f539145cab3635f4 .avia_textblock{\nfont-size:18px;\ntext-align:left;\n}\n<\/style>\n<section  class='av_textblock_section av-kxspiecw-e6539465bf543da7f539145cab3635f4'  itemscope=\"itemscope\" itemtype=\"https:\/\/schema.org\/CreativeWork\" ><div class='avia_textblock'  itemprop=\"text\" ><p>La nostra experi\u00e8ncia ens en d\u00f3na coneixement, per\u00f2 la teva ens d\u00f3na sentit.<br \/>\nVolem ser la teva millor experi\u00e8ncia, per aix\u00f2 volem escoltar-te.<br \/>\nEstarem atents a poder respondre-li a la brevetat.<\/p>\n<p>Gr\u00e0cies per confiar en Terraza Martinez.<\/p>\n<\/div><\/section><br \/>\n\n<style type=\"text\/css\" data-created_by=\"avia_inline_auto\" id=\"style-css-av-2qjzwt-3c8dc1c7356810f1ea7d6fab5a9a4b2e\">\n#top .av-special-heading.av-2qjzwt-3c8dc1c7356810f1ea7d6fab5a9a4b2e{\npadding-bottom:10px;\n}\nbody .av-special-heading.av-2qjzwt-3c8dc1c7356810f1ea7d6fab5a9a4b2e .av-special-heading-tag .heading-char{\nfont-size:25px;\n}\n.av-special-heading.av-2qjzwt-3c8dc1c7356810f1ea7d6fab5a9a4b2e .av-subheading{\nfont-size:18px;\n}\n<\/style>\n<div  class='av-special-heading av-2qjzwt-3c8dc1c7356810f1ea7d6fab5a9a4b2e av-special-heading-h2 blockquote modern-quote  avia-builder-el-4  el_after_av_textblock  el_before_av_heading '><h2 class='av-special-heading-tag'  itemprop=\"headline\"  >Tel\u00e8fon<\/h2><div class='av-subheading av-subheading_below'><p>Pots posar-te en contacte amb nosaltres, a trav\u00e9s del n\u00famero:<\/p>\n<p><strong>Tel. 93 106 60 52<\/strong><\/p>\n<\/div><div class=\"special-heading-border\"><div class=\"special-heading-inner-border\"><\/div><\/div><\/div><br \/>\n\n<style type=\"text\/css\" data-created_by=\"avia_inline_auto\" id=\"style-css-av-lo4aehz4-87c86fe14b18b36b02a0f4604020263a\">\n#top .av-special-heading.av-lo4aehz4-87c86fe14b18b36b02a0f4604020263a{\npadding-bottom:10px;\n}\nbody .av-special-heading.av-lo4aehz4-87c86fe14b18b36b02a0f4604020263a .av-special-heading-tag .heading-char{\nfont-size:25px;\n}\n.av-special-heading.av-lo4aehz4-87c86fe14b18b36b02a0f4604020263a .av-subheading{\nfont-size:18px;\n}\n<\/style>\n<div  class='av-special-heading av-lo4aehz4-87c86fe14b18b36b02a0f4604020263a av-special-heading-h2 blockquote modern-quote  avia-builder-el-5  el_after_av_heading  el_before_av_image '><h2 class='av-special-heading-tag'  itemprop=\"headline\"  >Correu electr\u00f2nic<\/h2><div class='av-subheading av-subheading_below'><p>Tamb\u00e9 ens pots enviar un missatge a l&#8217;adre\u00e7a de correu electr\u00f2nic:<\/p>\n<p><strong>atencion.cliente@martinezbarcelona.com<\/strong><\/p>\n<\/div><div class=\"special-heading-border\"><div class=\"special-heading-inner-border\"><\/div><\/div><\/div><br \/>\n\n<style type=\"text\/css\" data-created_by=\"avia_inline_auto\" id=\"style-css-av-5cn9nf-5e8e094f6757accedefcaee0da6969fc\">\n.avia-image-container.av-5cn9nf-5e8e094f6757accedefcaee0da6969fc img.avia_image{\nbox-shadow:none;\n}\n.avia-image-container.av-5cn9nf-5e8e094f6757accedefcaee0da6969fc .av-image-caption-overlay-center{\ncolor:#ffffff;\n}\n<\/style>\n<div  class='avia-image-container av-5cn9nf-5e8e094f6757accedefcaee0da6969fc av-styling- avia-align-center  avia-builder-el-6  el_after_av_heading  avia-builder-el-last '   itemprop=\"image\" itemscope=\"itemscope\" itemtype=\"https:\/\/schema.org\/ImageObject\" ><div class=\"avia-image-container-inner\"><div class=\"avia-image-overlay-wrap\"><img decoding=\"async\" class='wp-image-3336 avia-img-lazy-loading-not-3336 avia_image ' src=\"https:\/\/martinezbarcelona.com\/web\/wp-content\/uploads\/2022\/07\/arte_martinez_flip-fbf6f0.jpg\" alt='' title='arte_martinez_flip-fbf6f0'  height=\"794\" width=\"1920\"  itemprop=\"thumbnailUrl\" srcset=\"https:\/\/martinezbarcelona.com\/web\/wp-content\/uploads\/2022\/07\/arte_martinez_flip-fbf6f0.jpg 1920w, https:\/\/martinezbarcelona.com\/web\/wp-content\/uploads\/2022\/07\/arte_martinez_flip-fbf6f0-300x124.jpg 300w, https:\/\/martinezbarcelona.com\/web\/wp-content\/uploads\/2022\/07\/arte_martinez_flip-fbf6f0-1030x426.jpg 1030w, https:\/\/martinezbarcelona.com\/web\/wp-content\/uploads\/2022\/07\/arte_martinez_flip-fbf6f0-768x318.jpg 768w, https:\/\/martinezbarcelona.com\/web\/wp-content\/uploads\/2022\/07\/arte_martinez_flip-fbf6f0-1536x635.jpg 1536w, https:\/\/martinezbarcelona.com\/web\/wp-content\/uploads\/2022\/07\/arte_martinez_flip-fbf6f0-1500x620.jpg 1500w, https:\/\/martinezbarcelona.com\/web\/wp-content\/uploads\/2022\/07\/arte_martinez_flip-fbf6f0-705x292.jpg 705w, https:\/\/martinezbarcelona.com\/web\/wp-content\/uploads\/2022\/07\/arte_martinez_flip-fbf6f0-600x248.jpg 600w\" sizes=\"(max-width: 1920px) 100vw, 1920px\" \/><\/div><\/div><\/div><\/p><\/div><div class='flex_column av-z7a7-0ebafcdd99f03c55998d4bd72446c014 av_one_half  avia-builder-el-7  el_after_av_one_half  avia-builder-el-last  flex_column_div '     ><p>\n<style type=\"text\/css\" data-created_by=\"avia_inline_auto\" id=\"style-css-av-lo4afaok-bf79188ab9fc2b0f25ebfd870edb1352\">\n#top .av-special-heading.av-lo4afaok-bf79188ab9fc2b0f25ebfd870edb1352{\npadding-bottom:10px;\n}\nbody .av-special-heading.av-lo4afaok-bf79188ab9fc2b0f25ebfd870edb1352 .av-special-heading-tag .heading-char{\nfont-size:25px;\n}\n.av-special-heading.av-lo4afaok-bf79188ab9fc2b0f25ebfd870edb1352 .av-subheading{\nfont-size:15px;\n}\n<\/style>\n<div  class='av-special-heading av-lo4afaok-bf79188ab9fc2b0f25ebfd870edb1352 av-special-heading-h2 blockquote modern-quote  avia-builder-el-8  el_before_av_codeblock  avia-builder-el-first '><h2 class='av-special-heading-tag'  itemprop=\"headline\"  >Formulari<\/h2><div class='av-subheading av-subheading_below'><p>O b\u00e9 completant aquest formulari:<\/p>\n<\/div><div class=\"special-heading-border\"><div class=\"special-heading-inner-border\"><\/div><\/div><\/div><br \/>\n<\/p><\/div><\/div><\/div><\/div><!-- close content main div --><\/div><\/div><div id='after_section_1'  class='main_color av_default_container_wrap container_wrap fullsize'  ><div class='container av-section-cont-open' ><div class='template-page content  av-content-full alpha units'><div class='post-entry post-entry-type-page post-entry-5412'><div class='entry-content-wrapper clearfix'>\n<style type=\"text\/css\" data-created_by=\"avia_inline_auto\" id=\"style-css-av-2bvdff-9af05ae99402814ad044052d8774e261\">\n#top .hr.hr-invisible.av-2bvdff-9af05ae99402814ad044052d8774e261{\nheight:10px;\n}\n<\/style>\n<div  class='hr av-2bvdff-9af05ae99402814ad044052d8774e261 hr-invisible  avia-builder-el-10  el_after_av_section  avia-builder-el-no-sibling '><span class='hr-inner '><span class=\"hr-inner-style\"><\/span><\/span><\/div><\/p>\n","protected":false},"excerpt":{"rendered":"","protected":false},"author":4,"featured_media":0,"parent":0,"menu_order":0,"comment_status":"closed","ping_status":"closed","template":"","meta":{"_lmt_disableupdate":"no","_lmt_disable":"","footnotes":""},"class_list":["post-5412","page","type-page","status-publish","hentry"],"yoast_head":"<!-- This site is optimized with the Yoast SEO Premium plugin v21.5 (Yoast SEO v24.6) - https:\/\/yoast.com\/wordpress\/plugins\/seo\/ -->\n<title>ATENCI\u00d3 AL CLIENT - Martinez \u00b7 Arroces y Brasas<\/title>\n<meta name=\"robots\" content=\"index, follow, max-snippet:-1, max-image-preview:large, max-video-preview:-1\" \/>\n<link rel=\"canonical\" href=\"https:\/\/martinezbarcelona.com\/ca\/atencio-al-client\/\" \/>\n<meta property=\"og:locale\" content=\"ca_ES\" \/>\n<meta property=\"og:type\" content=\"article\" \/>\n<meta property=\"og:title\" content=\"ATENCI\u00d3 AL CLIENT\" \/>\n<meta property=\"og:url\" content=\"https:\/\/martinezbarcelona.com\/ca\/atencio-al-client\/\" \/>\n<meta property=\"og:site_name\" content=\"Martinez \u00b7 Arroces y Brasas\" \/>\n<meta property=\"article:publisher\" content=\"https:\/\/www.facebook.com\/terrazamartinezbarcelona\/\" \/>\n<meta property=\"article:modified_time\" content=\"2023-11-29T09:03:12+00:00\" \/>\n<meta name=\"twitter:card\" content=\"summary_large_image\" \/>\n<meta name=\"twitter:label1\" content=\"Temps estimat de lectura\" \/>\n\t<meta name=\"twitter:data1\" content=\"4 minuts\" \/>\n<script type=\"application\/ld+json\" class=\"yoast-schema-graph\">{\"@context\":\"https:\/\/schema.org\",\"@graph\":[{\"@type\":\"WebPage\",\"@id\":\"https:\/\/martinezbarcelona.com\/ca\/atencio-al-client\/\",\"url\":\"https:\/\/martinezbarcelona.com\/ca\/atencio-al-client\/\",\"name\":\"ATENCI\u00d3 AL CLIENT - Martinez \u00b7 Arroces y Brasas\",\"isPartOf\":{\"@id\":\"https:\/\/martinezbarcelona.com\/ca\/#website\"},\"datePublished\":\"2023-10-24T12:06:14+00:00\",\"dateModified\":\"2023-11-29T09:03:12+00:00\",\"breadcrumb\":{\"@id\":\"https:\/\/martinezbarcelona.com\/ca\/atencio-al-client\/#breadcrumb\"},\"inLanguage\":\"ca\",\"potentialAction\":[{\"@type\":\"ReadAction\",\"target\":[\"https:\/\/martinezbarcelona.com\/ca\/atencio-al-client\/\"]}]},{\"@type\":\"BreadcrumbList\",\"@id\":\"https:\/\/martinezbarcelona.com\/ca\/atencio-al-client\/#breadcrumb\",\"itemListElement\":[{\"@type\":\"ListItem\",\"position\":1,\"name\":\"Portada\",\"item\":\"https:\/\/martinezbarcelona.com\/ca\/home\/\"},{\"@type\":\"ListItem\",\"position\":2,\"name\":\"ATENCI\u00d3 AL CLIENT\"}]},{\"@type\":\"WebSite\",\"@id\":\"https:\/\/martinezbarcelona.com\/ca\/#website\",\"url\":\"https:\/\/martinezbarcelona.com\/ca\/\",\"name\":\"Martinez \u00b7 Arroces y Brasas\",\"description\":\"Restaurante Terraza Martinez\",\"potentialAction\":[{\"@type\":\"SearchAction\",\"target\":{\"@type\":\"EntryPoint\",\"urlTemplate\":\"https:\/\/martinezbarcelona.com\/ca\/?s={search_term_string}\"},\"query-input\":{\"@type\":\"PropertyValueSpecification\",\"valueRequired\":true,\"valueName\":\"search_term_string\"}}],\"inLanguage\":\"ca\"}]}<\/script>\n<!-- \/ Yoast SEO Premium plugin. -->","yoast_head_json":{"title":"ATENCI\u00d3 AL CLIENT - Martinez \u00b7 Arroces y Brasas","robots":{"index":"index","follow":"follow","max-snippet":"max-snippet:-1","max-image-preview":"max-image-preview:large","max-video-preview":"max-video-preview:-1"},"canonical":"https:\/\/martinezbarcelona.com\/ca\/atencio-al-client\/","og_locale":"ca_ES","og_type":"article","og_title":"ATENCI\u00d3 AL CLIENT","og_url":"https:\/\/martinezbarcelona.com\/ca\/atencio-al-client\/","og_site_name":"Martinez \u00b7 Arroces y Brasas","article_publisher":"https:\/\/www.facebook.com\/terrazamartinezbarcelona\/","article_modified_time":"2023-11-29T09:03:12+00:00","twitter_card":"summary_large_image","twitter_misc":{"Temps estimat de lectura":"4 minuts"},"schema":{"@context":"https:\/\/schema.org","@graph":[{"@type":"WebPage","@id":"https:\/\/martinezbarcelona.com\/ca\/atencio-al-client\/","url":"https:\/\/martinezbarcelona.com\/ca\/atencio-al-client\/","name":"ATENCI\u00d3 AL CLIENT - Martinez \u00b7 Arroces y Brasas","isPartOf":{"@id":"https:\/\/martinezbarcelona.com\/ca\/#website"},"datePublished":"2023-10-24T12:06:14+00:00","dateModified":"2023-11-29T09:03:12+00:00","breadcrumb":{"@id":"https:\/\/martinezbarcelona.com\/ca\/atencio-al-client\/#breadcrumb"},"inLanguage":"ca","potentialAction":[{"@type":"ReadAction","target":["https:\/\/martinezbarcelona.com\/ca\/atencio-al-client\/"]}]},{"@type":"BreadcrumbList","@id":"https:\/\/martinezbarcelona.com\/ca\/atencio-al-client\/#breadcrumb","itemListElement":[{"@type":"ListItem","position":1,"name":"Portada","item":"https:\/\/martinezbarcelona.com\/ca\/home\/"},{"@type":"ListItem","position":2,"name":"ATENCI\u00d3 AL CLIENT"}]},{"@type":"WebSite","@id":"https:\/\/martinezbarcelona.com\/ca\/#website","url":"https:\/\/martinezbarcelona.com\/ca\/","name":"Martinez \u00b7 Arroces y Brasas","description":"Restaurante Terraza Martinez","potentialAction":[{"@type":"SearchAction","target":{"@type":"EntryPoint","urlTemplate":"https:\/\/martinezbarcelona.com\/ca\/?s={search_term_string}"},"query-input":{"@type":"PropertyValueSpecification","valueRequired":true,"valueName":"search_term_string"}}],"inLanguage":"ca"}]}},"_links":{"self":[{"href":"https:\/\/martinezbarcelona.com\/ca\/wp-json\/wp\/v2\/pages\/5412","targetHints":{"allow":["GET"]}}],"collection":[{"href":"https:\/\/martinezbarcelona.com\/ca\/wp-json\/wp\/v2\/pages"}],"about":[{"href":"https:\/\/martinezbarcelona.com\/ca\/wp-json\/wp\/v2\/types\/page"}],"author":[{"embeddable":true,"href":"https:\/\/martinezbarcelona.com\/ca\/wp-json\/wp\/v2\/users\/4"}],"replies":[{"embeddable":true,"href":"https:\/\/martinezbarcelona.com\/ca\/wp-json\/wp\/v2\/comments?post=5412"}],"version-history":[{"count":3,"href":"https:\/\/martinezbarcelona.com\/ca\/wp-json\/wp\/v2\/pages\/5412\/revisions"}],"predecessor-version":[{"id":5484,"href":"https:\/\/martinezbarcelona.com\/ca\/wp-json\/wp\/v2\/pages\/5412\/revisions\/5484"}],"wp:attachment":[{"href":"https:\/\/martinezbarcelona.com\/ca\/wp-json\/wp\/v2\/media?parent=5412"}],"curies":[{"name":"wp","href":"https:\/\/api.w.org\/{rel}","templated":true}]}}