{"id":1258,"date":"2022-02-25T18:15:51","date_gmt":"2022-02-25T18:15:51","guid":{"rendered":"https:\/\/martinezbarcelona.com\/?page_id=1258"},"modified":"2024-02-12T19:30:14","modified_gmt":"2024-02-12T17:30:14","slug":"reserves","status":"publish","type":"page","link":"https:\/\/martinezbarcelona.com\/ca\/reserves\/","title":{"rendered":"RESERVA"},"content":{"rendered":"<div id='av_section_1'  class='avia-section av-pcn5-caa49c2185249c2af0d76cac9cf9451b main_color avia-section-default avia-no-border-styling  avia-builder-el-0  el_before_av_section  avia-builder-el-first  avia-bg-style-parallax container_wrap fullsize'  ><div class=\"av-section-color-overlay-wrap\"><a href='#next-section' title='' class='scroll-down-link ' aria-hidden='true' data-av_icon='\ue877' data-av_iconfont='entypo-fontello'><\/a><div class='container av-section-cont-open' ><main  role=\"main\" itemprop=\"mainContentOfPage\"  class='template-page content  av-content-full alpha units'><div class='post-entry post-entry-type-page post-entry-1258'><div class='entry-content-wrapper clearfix'>\n\n<style type=\"text\/css\" data-created_by=\"avia_inline_auto\" id=\"style-css-av-kxqgpnxa-e3147f628e6194732433d2edd5f0a0d3\">\n#top .av-special-heading.av-kxqgpnxa-e3147f628e6194732433d2edd5f0a0d3{\npadding-bottom:10px;\nfont-size:35px;\n}\nbody .av-special-heading.av-kxqgpnxa-e3147f628e6194732433d2edd5f0a0d3 .av-special-heading-tag .heading-char{\nfont-size:25px;\n}\n#top #wrap_all .av-special-heading.av-kxqgpnxa-e3147f628e6194732433d2edd5f0a0d3 .av-special-heading-tag{\nfont-size:35px;\n}\n.av-special-heading.av-kxqgpnxa-e3147f628e6194732433d2edd5f0a0d3 .av-subheading{\nfont-size:20px;\n}\n\n@media only screen and (min-width: 480px) and (max-width: 767px){ \n#top #wrap_all .av-special-heading.av-kxqgpnxa-e3147f628e6194732433d2edd5f0a0d3 .av-special-heading-tag{\nfont-size:0.8em;\n}\n}\n\n@media only screen and (max-width: 479px){ \n#top #wrap_all .av-special-heading.av-kxqgpnxa-e3147f628e6194732433d2edd5f0a0d3 .av-special-heading-tag{\nfont-size:0.8em;\n}\n}\n<\/style>\n<div  class='av-special-heading av-kxqgpnxa-e3147f628e6194732433d2edd5f0a0d3 av-special-heading-h1 custom-color-heading blockquote modern-quote modern-centered  avia-builder-el-1  avia-builder-el-no-sibling  av-inherit-size'><h1 class='av-special-heading-tag'  itemprop=\"headline\"  >RESERVA A MARTINEZ<\/h1><div class=\"special-heading-border\"><div class=\"special-heading-inner-border\"><\/div><\/div><\/div>\n\n<\/div><\/div><\/main><!-- close content main element --><\/div><\/div><\/div>\n<style type=\"text\/css\" data-created_by=\"avia_inline_auto\" id=\"style-css-av-132k1-6fcbdd0b66c374558d4e9b7bf5c182ba\">\n.avia-section.av-132k1-6fcbdd0b66c374558d4e9b7bf5c182ba{\nmargin-top:0;\nmargin-bottom:0;\n}\n<\/style>\n<div id='av_section_2'  class='avia-section av-132k1-6fcbdd0b66c374558d4e9b7bf5c182ba main_color avia-section-no-padding avia-no-border-styling  avia-builder-el-2  el_after_av_section  avia-builder-el-last  avia-bg-style-scroll container_wrap fullsize'  ><div class='container av-section-cont-open' ><div class='template-page content  av-content-full alpha units'><div class='post-entry post-entry-type-page post-entry-1258'><div class='entry-content-wrapper clearfix'>\n<div class='flex_column av-av_one_half-d846867a37b468541bc8830743d44203 av_one_half  avia-builder-el-3  el_before_av_one_half  avia-builder-el-first  first flex_column_div '     ><section  class='av_textblock_section av-kxrejg9t-cd9c580c32b306b629e3dc77a46ef573'  itemscope=\"itemscope\" itemtype=\"https:\/\/schema.org\/CreativeWork\" ><div class='avia_textblock'  itemprop=\"text\" ><p style=\"text-align: center;\"><strong>ABANS DE RESERVAR HA DE SABER QUE\u2026<\/strong><\/p>\n<p style=\"text-align: center;\">Disposa de la taula durant 2 hores des de l&#8217;hora de la reserva.<\/p>\n<p style=\"text-align: center;\">La reserva que fa \u00e9s de taula, no d&#8217;ubicaci\u00f3.<br \/>\nLa reserva de taula ser\u00e0 efectiva un cop hagueu rebut el mail de confirmaci\u00f3 de reserva.<\/p>\n<p style=\"text-align: center;\">Si vol modificar el nombre de comensals, \u00e9s imprescindible que avisi al restaurant a trav\u00e9s del mail <a href=\"mailto:reservas@martinezbarcelona.com\">reservas@martinezbarcelona.com<\/a> amb una antelaci\u00f3 m\u00ednima de 6 hores.<\/p>\n<p style=\"text-align: center;\">L\u00b4hora de la reserva es pot veure modificada 15 minuts per poder gestionar de manera \u00f2ptima l\u00b4entrada de clients.<\/p>\n<p style=\"text-align: center;\">Agra\u00efm m\u00e0xima puntualitat. Als 15 minuts de retard sense previ av\u00eds, la taula queda autom\u00e0ticament alliberada.<\/p>\n<p style=\"text-align: center;\"><strong>A M\u00c9S L&#8217;INFORMEM SOBRE LA NOSTRA POL\u00cdTICA DE CANCEL\u00b7LACI\u00d3<\/strong><\/p>\n<p style=\"text-align: center;\">Es sol\u00b7licita la targeta banc\u00e0ria per garantir la reserva de la taula. No es far\u00e0 cap c\u00e0rrec a la targeta.<\/p>\n<p style=\"text-align: center;\">Per anul\u00b7lar o modificar la reserva ho haur\u00e0 de fer amb una antelaci\u00f3 de 6 hores pr\u00e8vies a l&#8217;hora de la reserva a trav\u00e9s de <a href=\"mailto:reservas@martinezbarcelona.com\">reservas@martinezbarcelona.com<\/a>.<\/p>\n<p style=\"text-align: center;\">Si no anul\u00b7la la reserva i no acudeix en data i hora, s&#8217;aplicar\u00e0 la pol\u00edtica de cancel\u00b7laci\u00f3 que comporta un c\u00e0rrec de 20\u20ac per persona.<\/p>\n<\/div><\/section><\/div><div class='flex_column av-av_one_half-337486787960716147ecfb4074cb91c6 av_one_half  avia-builder-el-5  el_after_av_one_half  avia-builder-el-last  flex_column_div '     ><p><br \/>\n<\/p><\/div>\n","protected":false},"excerpt":{"rendered":"","protected":false},"author":4,"featured_media":0,"parent":0,"menu_order":0,"comment_status":"closed","ping_status":"closed","template":"","meta":{"_lmt_disableupdate":"no","_lmt_disable":"","footnotes":""},"class_list":["post-1258","page","type-page","status-publish","hentry"],"yoast_head":"<!-- This site is optimized with the Yoast SEO Premium plugin v21.5 (Yoast SEO v24.6) - https:\/\/yoast.com\/wordpress\/plugins\/seo\/ -->\n<title>RESERVA - Martinez \u00b7 Arroces y Brasas<\/title>\n<meta name=\"robots\" content=\"index, follow, max-snippet:-1, max-image-preview:large, max-video-preview:-1\" \/>\n<link rel=\"canonical\" href=\"https:\/\/martinezbarcelona.com\/ca\/reserves\/\" \/>\n<meta property=\"og:locale\" content=\"ca_ES\" \/>\n<meta property=\"og:type\" content=\"article\" \/>\n<meta property=\"og:title\" content=\"RESERVA\" \/>\n<meta property=\"og:url\" content=\"https:\/\/martinezbarcelona.com\/ca\/reserves\/\" \/>\n<meta property=\"og:site_name\" content=\"Martinez \u00b7 Arroces y Brasas\" \/>\n<meta property=\"article:publisher\" content=\"https:\/\/www.facebook.com\/terrazamartinezbarcelona\/\" \/>\n<meta property=\"article:modified_time\" content=\"2024-02-12T17:30:14+00:00\" \/>\n<meta name=\"twitter:card\" content=\"summary_large_image\" \/>\n<meta name=\"twitter:label1\" content=\"Temps estimat de lectura\" \/>\n\t<meta name=\"twitter:data1\" content=\"1 minut\" \/>\n<script type=\"application\/ld+json\" class=\"yoast-schema-graph\">{\"@context\":\"https:\/\/schema.org\",\"@graph\":[{\"@type\":\"WebPage\",\"@id\":\"https:\/\/martinezbarcelona.com\/ca\/reserves\/\",\"url\":\"https:\/\/martinezbarcelona.com\/ca\/reserves\/\",\"name\":\"RESERVA - Martinez \u00b7 Arroces y Brasas\",\"isPartOf\":{\"@id\":\"https:\/\/martinezbarcelona.com\/ca\/#website\"},\"datePublished\":\"2022-02-25T18:15:51+00:00\",\"dateModified\":\"2024-02-12T17:30:14+00:00\",\"breadcrumb\":{\"@id\":\"https:\/\/martinezbarcelona.com\/ca\/reserves\/#breadcrumb\"},\"inLanguage\":\"ca\",\"potentialAction\":[{\"@type\":\"ReadAction\",\"target\":[\"https:\/\/martinezbarcelona.com\/ca\/reserves\/\"]}]},{\"@type\":\"BreadcrumbList\",\"@id\":\"https:\/\/martinezbarcelona.com\/ca\/reserves\/#breadcrumb\",\"itemListElement\":[{\"@type\":\"ListItem\",\"position\":1,\"name\":\"Portada\",\"item\":\"https:\/\/martinezbarcelona.com\/ca\/home\/\"},{\"@type\":\"ListItem\",\"position\":2,\"name\":\"RESERVA\"}]},{\"@type\":\"WebSite\",\"@id\":\"https:\/\/martinezbarcelona.com\/ca\/#website\",\"url\":\"https:\/\/martinezbarcelona.com\/ca\/\",\"name\":\"Martinez \u00b7 Arroces y Brasas\",\"description\":\"Restaurante Terraza Martinez\",\"potentialAction\":[{\"@type\":\"SearchAction\",\"target\":{\"@type\":\"EntryPoint\",\"urlTemplate\":\"https:\/\/martinezbarcelona.com\/ca\/?s={search_term_string}\"},\"query-input\":{\"@type\":\"PropertyValueSpecification\",\"valueRequired\":true,\"valueName\":\"search_term_string\"}}],\"inLanguage\":\"ca\"}]}<\/script>\n<!-- \/ Yoast SEO Premium plugin. -->","yoast_head_json":{"title":"RESERVA - Martinez \u00b7 Arroces y Brasas","robots":{"index":"index","follow":"follow","max-snippet":"max-snippet:-1","max-image-preview":"max-image-preview:large","max-video-preview":"max-video-preview:-1"},"canonical":"https:\/\/martinezbarcelona.com\/ca\/reserves\/","og_locale":"ca_ES","og_type":"article","og_title":"RESERVA","og_url":"https:\/\/martinezbarcelona.com\/ca\/reserves\/","og_site_name":"Martinez \u00b7 Arroces y Brasas","article_publisher":"https:\/\/www.facebook.com\/terrazamartinezbarcelona\/","article_modified_time":"2024-02-12T17:30:14+00:00","twitter_card":"summary_large_image","twitter_misc":{"Temps estimat de lectura":"1 minut"},"schema":{"@context":"https:\/\/schema.org","@graph":[{"@type":"WebPage","@id":"https:\/\/martinezbarcelona.com\/ca\/reserves\/","url":"https:\/\/martinezbarcelona.com\/ca\/reserves\/","name":"RESERVA - Martinez \u00b7 Arroces y Brasas","isPartOf":{"@id":"https:\/\/martinezbarcelona.com\/ca\/#website"},"datePublished":"2022-02-25T18:15:51+00:00","dateModified":"2024-02-12T17:30:14+00:00","breadcrumb":{"@id":"https:\/\/martinezbarcelona.com\/ca\/reserves\/#breadcrumb"},"inLanguage":"ca","potentialAction":[{"@type":"ReadAction","target":["https:\/\/martinezbarcelona.com\/ca\/reserves\/"]}]},{"@type":"BreadcrumbList","@id":"https:\/\/martinezbarcelona.com\/ca\/reserves\/#breadcrumb","itemListElement":[{"@type":"ListItem","position":1,"name":"Portada","item":"https:\/\/martinezbarcelona.com\/ca\/home\/"},{"@type":"ListItem","position":2,"name":"RESERVA"}]},{"@type":"WebSite","@id":"https:\/\/martinezbarcelona.com\/ca\/#website","url":"https:\/\/martinezbarcelona.com\/ca\/","name":"Martinez \u00b7 Arroces y Brasas","description":"Restaurante Terraza Martinez","potentialAction":[{"@type":"SearchAction","target":{"@type":"EntryPoint","urlTemplate":"https:\/\/martinezbarcelona.com\/ca\/?s={search_term_string}"},"query-input":{"@type":"PropertyValueSpecification","valueRequired":true,"valueName":"search_term_string"}}],"inLanguage":"ca"}]}},"_links":{"self":[{"href":"https:\/\/martinezbarcelona.com\/ca\/wp-json\/wp\/v2\/pages\/1258","targetHints":{"allow":["GET"]}}],"collection":[{"href":"https:\/\/martinezbarcelona.com\/ca\/wp-json\/wp\/v2\/pages"}],"about":[{"href":"https:\/\/martinezbarcelona.com\/ca\/wp-json\/wp\/v2\/types\/page"}],"author":[{"embeddable":true,"href":"https:\/\/martinezbarcelona.com\/ca\/wp-json\/wp\/v2\/users\/4"}],"replies":[{"embeddable":true,"href":"https:\/\/martinezbarcelona.com\/ca\/wp-json\/wp\/v2\/comments?post=1258"}],"version-history":[{"count":30,"href":"https:\/\/martinezbarcelona.com\/ca\/wp-json\/wp\/v2\/pages\/1258\/revisions"}],"predecessor-version":[{"id":5614,"href":"https:\/\/martinezbarcelona.com\/ca\/wp-json\/wp\/v2\/pages\/1258\/revisions\/5614"}],"wp:attachment":[{"href":"https:\/\/martinezbarcelona.com\/ca\/wp-json\/wp\/v2\/media?parent=1258"}],"curies":[{"name":"wp","href":"https:\/\/api.w.org\/{rel}","templated":true}]}}