{"id":1225,"date":"2022-02-25T09:41:23","date_gmt":"2022-02-25T09:41:23","guid":{"rendered":"https:\/\/martinezbarcelona.com\/?page_id=1225"},"modified":"2025-05-26T12:25:47","modified_gmt":"2025-05-26T10:25:47","slug":"martinez","status":"publish","type":"page","link":"https:\/\/martinezbarcelona.com\/ca\/martinez\/","title":{"rendered":"MARTINEZ"},"content":{"rendered":"\n<style type=\"text\/css\" data-created_by=\"avia_inline_auto\" id=\"style-css-av-15mzr-657c4f00dd827b065e87922bced1e8b3\">\n.avia-section.av-15mzr-657c4f00dd827b065e87922bced1e8b3{\nmargin-top:0px;\nmargin-bottom:0px;\n}\n<\/style>\n<div id='somos-martinez'  class='avia-section av-15mzr-657c4f00dd827b065e87922bced1e8b3 main_color avia-section-default avia-no-border-styling  avia-builder-el-0  el_before_av_section  avia-builder-el-first  avia-bg-style-scroll container_wrap fullsize'  ><div class='container av-section-cont-open' ><main  role=\"main\" itemprop=\"mainContentOfPage\"  class='template-page content  av-content-full alpha units'><div class='post-entry post-entry-type-page post-entry-1225'><div class='entry-content-wrapper clearfix'>\n\n<style type=\"text\/css\" data-created_by=\"avia_inline_auto\" id=\"style-css-av-kxqgpnxa-19ee609214f608365db31db8d3c1dab6\">\n#top .av-special-heading.av-kxqgpnxa-19ee609214f608365db31db8d3c1dab6{\npadding-bottom:10px;\nfont-size:35px;\n}\nbody .av-special-heading.av-kxqgpnxa-19ee609214f608365db31db8d3c1dab6 .av-special-heading-tag .heading-char{\nfont-size:25px;\n}\n#top #wrap_all .av-special-heading.av-kxqgpnxa-19ee609214f608365db31db8d3c1dab6 .av-special-heading-tag{\nfont-size:35px;\n}\n.av-special-heading.av-kxqgpnxa-19ee609214f608365db31db8d3c1dab6 .av-subheading{\nfont-size:25px;\n}\n\n@media only screen and (min-width: 480px) and (max-width: 767px){ \n#top #wrap_all .av-special-heading.av-kxqgpnxa-19ee609214f608365db31db8d3c1dab6 .av-special-heading-tag{\nfont-size:0.8em;\n}\n}\n\n@media only screen and (max-width: 479px){ \n#top #wrap_all .av-special-heading.av-kxqgpnxa-19ee609214f608365db31db8d3c1dab6 .av-special-heading-tag{\nfont-size:0.8em;\n}\n}\n<\/style>\n<div  class='av-special-heading av-kxqgpnxa-19ee609214f608365db31db8d3c1dab6 av-special-heading-h1 custom-color-heading blockquote modern-quote modern-centered  avia-builder-el-1  el_before_av_textblock  avia-builder-el-first  av-inherit-size'><h1 class='av-special-heading-tag'  itemprop=\"headline\"  >LA TERRASSA DEL PARC DE MONJ\u00dcIC<\/h1><div class=\"special-heading-border\"><div class=\"special-heading-inner-border\"><\/div><\/div><\/div>\n\n<style type=\"text\/css\" data-created_by=\"avia_inline_auto\" id=\"style-css-av-kxw1y8ib-dd5416ca9070168c3e58b2549c76d1f8\">\n#top .av_textblock_section.av-kxw1y8ib-dd5416ca9070168c3e58b2549c76d1f8 .avia_textblock{\nfont-size:22px;\n}\n<\/style>\n<section  class='av_textblock_section av-kxw1y8ib-dd5416ca9070168c3e58b2549c76d1f8'  itemscope=\"itemscope\" itemtype=\"https:\/\/schema.org\/CreativeWork\" ><div class='avia_textblock'  itemprop=\"text\" ><p style=\"text-align: center\"><strong>Terraza Mart\u00ednez<\/strong> \u00e9s un restaurant emblem\u00e0tic situat a la falda de Montju\u00efc, a Barcelona, que ofereix unes vistes espectaculars del <strong>port, la ciutat i el mar. <\/strong><\/p>\n<p style=\"text-align: center\">Fundat fa m\u00e9s d&#8217;una d\u00e8cada, aquest establiment ha evolucionat des d&#8217;un senzill xiringuito a l&#8217;aire lliure fins a convertir-se en un restaurant<strong> referent gastron\u00f2mic de la ciutat.<\/strong><\/p>\n<\/div><\/section>\n<\/div><\/div><\/main><!-- close content main element --><\/div><\/div><div id='av_section_2'  class='avia-section av-12bmj-56b23de054e36264ce092fd25279400c main_color avia-section-default avia-no-border-styling  avia-builder-el-3  el_after_av_section  el_before_av_section  av-desktop-hide av-medium-hide av-small-hide av-mini-hide avia-bg-style-scroll container_wrap fullsize'  ><div class='container av-section-cont-open' ><div class='template-page content  av-content-full alpha units'><div class='post-entry post-entry-type-page post-entry-1225'><div class='entry-content-wrapper clearfix'>\n<div class='flex_column av-1cj53-dd880672d629310a24fa7ed12918daaa av_two_fifth  avia-builder-el-4  el_before_av_three_fifth  avia-builder-el-first  first flex_column_div '     ><style type=\"text\/css\" data-created_by=\"avia_inline_auto\" id=\"style-css-av-kxw1j0rt-1ca7cad3dcb1e9b905045fb3a18d85db\">\n.avia-image-container.av-kxw1j0rt-1ca7cad3dcb1e9b905045fb3a18d85db img.avia_image{\nbox-shadow:none;\n}\n.avia-image-container.av-kxw1j0rt-1ca7cad3dcb1e9b905045fb3a18d85db .av-image-caption-overlay-center{\ncolor:#ffffff;\n}\n<\/style>\n<div  class='avia-image-container av-kxw1j0rt-1ca7cad3dcb1e9b905045fb3a18d85db av-styling- avia-align-center  avia-builder-el-5  avia-builder-el-no-sibling '   itemprop=\"image\" itemscope=\"itemscope\" itemtype=\"https:\/\/schema.org\/ImageObject\" ><div class=\"avia-image-container-inner\"><div class=\"avia-image-overlay-wrap\"><img decoding=\"async\" class='wp-image-1046 avia-img-lazy-loading-not-1046 avia_image ' src=\"https:\/\/martinezbarcelona.com\/web\/wp-content\/uploads\/2022\/01\/pasanotas_clean.jpg\" alt='' title=''  height=\"674\" width=\"800\"  itemprop=\"thumbnailUrl\" srcset=\"https:\/\/martinezbarcelona.com\/web\/wp-content\/uploads\/2022\/01\/pasanotas_clean.jpg 800w, https:\/\/martinezbarcelona.com\/web\/wp-content\/uploads\/2022\/01\/pasanotas_clean-600x506.jpg 600w, https:\/\/martinezbarcelona.com\/web\/wp-content\/uploads\/2022\/01\/pasanotas_clean-300x253.jpg 300w, https:\/\/martinezbarcelona.com\/web\/wp-content\/uploads\/2022\/01\/pasanotas_clean-768x647.jpg 768w, https:\/\/martinezbarcelona.com\/web\/wp-content\/uploads\/2022\/01\/pasanotas_clean-705x594.jpg 705w\" sizes=\"(max-width: 800px) 100vw, 800px\" \/><\/div><\/div><\/div><\/div><div class='flex_column av-10e3r-8500c465b93f294b011d2c7671201a6c av_three_fifth  avia-builder-el-6  el_after_av_two_fifth  avia-builder-el-last  flex_column_div '     ><p>\n<style type=\"text\/css\" data-created_by=\"avia_inline_auto\" id=\"style-css-av-kxw2mpfi-aeb07f6a872c3a2fa365c8e24abd14de\">\n#top .av-special-heading.av-kxw2mpfi-aeb07f6a872c3a2fa365c8e24abd14de{\npadding-bottom:10px;\n}\nbody .av-special-heading.av-kxw2mpfi-aeb07f6a872c3a2fa365c8e24abd14de .av-special-heading-tag .heading-char{\nfont-size:25px;\n}\n.av-special-heading.av-kxw2mpfi-aeb07f6a872c3a2fa365c8e24abd14de .av-subheading{\nfont-size:15px;\n}\n<\/style>\n<div  class='av-special-heading av-kxw2mpfi-aeb07f6a872c3a2fa365c8e24abd14de av-special-heading-h2 blockquote modern-quote  avia-builder-el-7  el_before_av_tab_container  avia-builder-el-first '><h2 class='av-special-heading-tag'  itemprop=\"headline\"  >Nuestras Especilidades<\/h2><div class=\"special-heading-border\"><div class=\"special-heading-inner-border\"><\/div><\/div><\/div><br \/>\n<div  class='tabcontainer av-kxw12dm2-d0cb7eea129955e2d17d80fcbee7a731 top_tab  avia-builder-el-8  el_after_av_heading  avia-builder-el-last  especialidades' role='tablist'>\n<section class='av_tab_section av_tab_section av-kxw128il-b8666b8ff8af5a66929fcee0937036c9'  itemscope=\"itemscope\" itemtype=\"https:\/\/schema.org\/CreativeWork\" ><div class='tab active_tab' role='tab' tabindex='0' data-fake-id='#tab-id-1' aria-controls='tab-id-1-content'  itemprop=\"headline\" >Arrosos<\/div><div id='tab-id-1-content' class='tab_content active_tab_content' aria-hidden=\"false\"><div class='tab_inner_content invers-color'  itemprop=\"text\" ><div class=\"eltd-tabs eltd-horizontal-tab eltd-transparent-tabs clearfix ui-tabs ui-widget ui-widget-content ui-corner-all\">\n<div id=\"tab-starters-26\" class=\"eltd-tab-container ui-tabs-panel ui-widget-content ui-corner-bottom eltd-visible\" role=\"tabpanel\" aria-labelledby=\"ui-id-1\" aria-hidden=\"false\">\n<div class=\"wpb_text_column wpb_content_element \">\n<div class=\"wpb_wrapper\">\n<p>Lorem ipsum dolor sit amet, consectetur adipiscing elit, sed do eiusmod tempor incididunt labore et dolore magna aliqua. Ut enim ad minim veniam, quis nostu exercitation ullamco laboris nisi ut aliquip ex ea commodo consequat quis nostu exercitation ullamco enim.<\/p>\n<\/div>\n<\/div>\n<\/div>\n<\/div>\n<\/div><\/div><\/section>\n<section class='av_tab_section av_tab_section av-kxw12chs-db99ed3dc2b8b9f5ce596bd3f7827d07'  itemscope=\"itemscope\" itemtype=\"https:\/\/schema.org\/CreativeWork\" ><div class='tab' role='tab' tabindex='0' data-fake-id='#tab-id-2' aria-controls='tab-id-2-content'  itemprop=\"headline\" >Brases<\/div><div id='tab-id-2-content' class='tab_content' aria-hidden=\"true\"><div class='tab_inner_content invers-color'  itemprop=\"text\" ><div class=\"eltd-tabs eltd-horizontal-tab eltd-transparent-tabs clearfix ui-tabs ui-widget ui-widget-content ui-corner-all\">\n<div id=\"tab-starters-26\" class=\"eltd-tab-container ui-tabs-panel ui-widget-content ui-corner-bottom eltd-visible\" role=\"tabpanel\" aria-labelledby=\"ui-id-1\" aria-hidden=\"false\">\n<div class=\"wpb_text_column wpb_content_element \">\n<div class=\"wpb_wrapper\">\n<p>Lorem ipsum dolor sit amet, consectetur adipiscing elit, sed do eiusmod tempor incididunt labore et dolore magna aliqua. Ut enim ad minim veniam, quis nostu exercitation ullamco laboris nisi ut aliquip ex ea commodo consequat quis nostu exercitation ullamco enim.<\/p>\n<\/div>\n<\/div>\n<\/div>\n<\/div>\n<\/div><\/div><\/section>\n<section class='av_tab_section av_tab_section av-kxw12chs-1a805e8ddc3af42d556563da01acda58'  itemscope=\"itemscope\" itemtype=\"https:\/\/schema.org\/CreativeWork\" ><div class='tab' role='tab' tabindex='0' data-fake-id='#tab-id-3' aria-controls='tab-id-3-content'  itemprop=\"headline\" >Peixos<\/div><div id='tab-id-3-content' class='tab_content' aria-hidden=\"true\"><div class='tab_inner_content invers-color'  itemprop=\"text\" ><div class=\"eltd-tabs eltd-horizontal-tab eltd-transparent-tabs clearfix ui-tabs ui-widget ui-widget-content ui-corner-all\">\n<div id=\"tab-starters-26\" class=\"eltd-tab-container ui-tabs-panel ui-widget-content ui-corner-bottom eltd-visible\" role=\"tabpanel\" aria-labelledby=\"ui-id-1\" aria-hidden=\"false\">\n<div class=\"wpb_text_column wpb_content_element \">\n<div class=\"wpb_wrapper\">\n<p>Lorem ipsum dolor sit amet, consectetur adipiscing elit, sed do eiusmod tempor incididunt labore et dolore magna aliqua. Ut enim ad minim veniam, quis nostu exercitation ullamco laboris nisi ut aliquip ex ea commodo consequat quis nostu exercitation ullamco enim.<\/p>\n<\/div>\n<\/div>\n<\/div>\n<\/div>\n<\/div><\/div><\/section>\n<\/div><\/p><\/div>\n<\/p>\n<\/div><\/div><\/div><!-- close content main div --><\/div><\/div>\n<style type=\"text\/css\" data-created_by=\"avia_inline_auto\" id=\"style-css-av-kxw2442e-6e76f46541e193585017b81d055d513d\">\n.avia-section.av-kxw2442e-6e76f46541e193585017b81d055d513d .av-parallax .av-parallax-inner{\nbackground-repeat:no-repeat;\nbackground-image:url(https:\/\/martinezbarcelona.com\/web\/wp-content\/uploads\/2021\/12\/terraza-martinez2.jpg);\nbackground-position:50% 50%;\nbackground-attachment:scroll;\n}\n.avia-section.av-kxw2442e-6e76f46541e193585017b81d055d513d .av-section-color-overlay{\nopacity:0.4;\nbackground-color:#000000;\n}\n<\/style>\n<div id='av_section_3'  class='avia-section av-kxw2442e-6e76f46541e193585017b81d055d513d main_color avia-section-default avia-no-border-styling  avia-builder-el-9  el_after_av_section  el_before_av_section  av-desktop-hide av-medium-hide av-small-hide av-mini-hide av-parallax-section avia-bg-style-parallax av-section-color-overlay-active av-minimum-height av-minimum-height-75  container_wrap fullsize'  data-section-bg-repeat='no-repeat' data-av_minimum_height_pc='75'><div class='av-parallax' data-avia-parallax-ratio='0.3' ><div class='av-parallax-inner main_color avia-full-stretch'><\/div><\/div><div class=\"av-section-color-overlay-wrap\"><div class=\"av-section-color-overlay\"><\/div><div class='container av-section-cont-open' ><div class='template-page content  av-content-full alpha units'><div class='post-entry post-entry-type-page post-entry-1225'><div class='entry-content-wrapper clearfix'>\n\n<style type=\"text\/css\" data-created_by=\"avia_inline_auto\" id=\"style-css-av-4ql9z-c83caddc523c04a16f0b86a379a0b3f4\">\n#top .av-special-heading.av-4ql9z-c83caddc523c04a16f0b86a379a0b3f4{\nmargin:20px 0 0 0;\npadding-bottom:0;\ncolor:#ffffff;\nfont-size:40px;\n}\nbody .av-special-heading.av-4ql9z-c83caddc523c04a16f0b86a379a0b3f4 .av-special-heading-tag .heading-char{\nfont-size:25px;\n}\n#top #wrap_all .av-special-heading.av-4ql9z-c83caddc523c04a16f0b86a379a0b3f4 .av-special-heading-tag{\nfont-size:40px;\npadding:0 0 0 0;\n}\n.av-special-heading.av-4ql9z-c83caddc523c04a16f0b86a379a0b3f4 .special-heading-inner-border{\nborder-color:#ffffff;\n}\n.av-special-heading.av-4ql9z-c83caddc523c04a16f0b86a379a0b3f4 .av-subheading{\nfont-size:25px;\n}\n\n@media only screen and (min-width: 480px) and (max-width: 767px){ \n#top #wrap_all .av-special-heading.av-4ql9z-c83caddc523c04a16f0b86a379a0b3f4 .av-special-heading-tag{\nfont-size:0.8em;\n}\n}\n\n@media only screen and (max-width: 479px){ \n#top #wrap_all .av-special-heading.av-4ql9z-c83caddc523c04a16f0b86a379a0b3f4 .av-special-heading-tag{\nfont-size:0.8em;\n}\n}\n<\/style>\n<div  class='av-special-heading av-4ql9z-c83caddc523c04a16f0b86a379a0b3f4 av-special-heading-h2 custom-color-heading blockquote modern-quote modern-centered  avia-builder-el-10  avia-builder-el-no-sibling  av-inherit-size'><h2 class='av-special-heading-tag'  itemprop=\"headline\"  >TERRAZA<\/h2><div class='av_custom_color av-subheading av-subheading_below'><p>Espacio exterior cerrado en caso de lluvia, totalmente climatizada. Es la zona con m\u00e1s capacidad. Se funde como un elemento m\u00e1s del paisaje. Para celebraciones, grandes eventos, c\u00f3cteles de empresa. Posibilidad de audiovisuales. Entrada directa.<\/p>\n<\/div><div class=\"special-heading-border\"><div class=\"special-heading-inner-border\"><\/div><\/div><\/div>\n\n<\/div><\/div><\/div><!-- close content main div --><\/div><\/div><\/div>\n<style type=\"text\/css\" data-created_by=\"avia_inline_auto\" id=\"style-css-av-kxw2alfk-57ab000d4e1bc0692b903bf867d29217\">\n.avia-section.av-kxw2alfk-57ab000d4e1bc0692b903bf867d29217 .av-parallax .av-parallax-inner{\nbackground-repeat:no-repeat;\nbackground-image:url(https:\/\/martinezbarcelona.com\/web\/wp-content\/uploads\/2021\/12\/terraza-martinez1.jpg);\nbackground-position:50% 50%;\nbackground-attachment:scroll;\n}\n.avia-section.av-kxw2alfk-57ab000d4e1bc0692b903bf867d29217 .av-section-color-overlay{\nopacity:0.4;\nbackground-color:#000000;\n}\n<\/style>\n<div id='av_section_4'  class='avia-section av-kxw2alfk-57ab000d4e1bc0692b903bf867d29217 main_color avia-section-default avia-no-border-styling  avia-builder-el-11  el_after_av_section  el_before_av_section  av-desktop-hide av-medium-hide av-small-hide av-mini-hide av-parallax-section avia-bg-style-parallax av-section-color-overlay-active av-minimum-height av-minimum-height-75  container_wrap fullsize'  data-section-bg-repeat='no-repeat' data-av_minimum_height_pc='75'><div class='av-parallax' data-avia-parallax-ratio='0.3' ><div class='av-parallax-inner main_color avia-full-stretch'><\/div><\/div><div class=\"av-section-color-overlay-wrap\"><div class=\"av-section-color-overlay\"><\/div><div class='container av-section-cont-open' ><div class='template-page content  av-content-full alpha units'><div class='post-entry post-entry-type-page post-entry-1225'><div class='entry-content-wrapper clearfix'>\n\n<style type=\"text\/css\" data-created_by=\"avia_inline_auto\" id=\"style-css-av-kxw299k4-caddd33d7cfefb709dfa41eae602fdfd\">\n#top .av-special-heading.av-kxw299k4-caddd33d7cfefb709dfa41eae602fdfd{\nmargin:20px 0 0 0;\npadding-bottom:0;\ncolor:#ffffff;\nfont-size:40px;\n}\nbody .av-special-heading.av-kxw299k4-caddd33d7cfefb709dfa41eae602fdfd .av-special-heading-tag .heading-char{\nfont-size:25px;\n}\n#top #wrap_all .av-special-heading.av-kxw299k4-caddd33d7cfefb709dfa41eae602fdfd .av-special-heading-tag{\nfont-size:40px;\npadding:0 0 0 0;\n}\n.av-special-heading.av-kxw299k4-caddd33d7cfefb709dfa41eae602fdfd .special-heading-inner-border{\nborder-color:#ffffff;\n}\n.av-special-heading.av-kxw299k4-caddd33d7cfefb709dfa41eae602fdfd .av-subheading{\nfont-size:25px;\n}\n\n@media only screen and (min-width: 480px) and (max-width: 767px){ \n#top #wrap_all .av-special-heading.av-kxw299k4-caddd33d7cfefb709dfa41eae602fdfd .av-special-heading-tag{\nfont-size:0.8em;\n}\n}\n\n@media only screen and (max-width: 479px){ \n#top #wrap_all .av-special-heading.av-kxw299k4-caddd33d7cfefb709dfa41eae602fdfd .av-special-heading-tag{\nfont-size:0.8em;\n}\n}\n<\/style>\n<div  class='av-special-heading av-kxw299k4-caddd33d7cfefb709dfa41eae602fdfd av-special-heading-h2 custom-color-heading blockquote modern-quote modern-centered  avia-builder-el-12  avia-builder-el-no-sibling  av-inherit-size'><h2 class='av-special-heading-tag'  itemprop=\"headline\"  >TRIBUNA<\/h2><div class='av_custom_color av-subheading av-subheading_below'><p>Espacio interior. Es la zona con vistas al mar para grupos entre 14 y 40 personas. Confortable y adaptada a cualquier tipo de evento: formal, celebraci\u00f3n familiar, eventos empresa. Posibilidad de audiovisuales. Entrada desde la puerta principal.<\/p>\n<\/div><div class=\"special-heading-border\"><div class=\"special-heading-inner-border\"><\/div><\/div><\/div>\n\n<\/div><\/div><\/div><!-- close content main div --><\/div><\/div><\/div>\n<style type=\"text\/css\" data-created_by=\"avia_inline_auto\" id=\"style-css-av-kxw2bs4f-d3161ec2bf62fc900f7e306f12a86d83\">\n.avia-section.av-kxw2bs4f-d3161ec2bf62fc900f7e306f12a86d83 .av-parallax .av-parallax-inner{\nbackground-repeat:no-repeat;\nbackground-image:url(https:\/\/martinezbarcelona.com\/web\/wp-content\/uploads\/2022\/01\/terraza-martinez4.jpg);\nbackground-position:50% 50%;\nbackground-attachment:scroll;\n}\n.avia-section.av-kxw2bs4f-d3161ec2bf62fc900f7e306f12a86d83 .av-section-color-overlay{\nopacity:0.4;\nbackground-color:#000000;\n}\n<\/style>\n<div id='av_section_5'  class='avia-section av-kxw2bs4f-d3161ec2bf62fc900f7e306f12a86d83 main_color avia-section-default avia-no-border-styling  avia-builder-el-13  el_after_av_section  avia-builder-el-last  av-desktop-hide av-medium-hide av-small-hide av-mini-hide av-parallax-section avia-bg-style-parallax av-section-color-overlay-active av-minimum-height av-minimum-height-75  container_wrap fullsize'  data-section-bg-repeat='no-repeat' data-av_minimum_height_pc='75'><div class='av-parallax' data-avia-parallax-ratio='0.3' ><div class='av-parallax-inner main_color avia-full-stretch'><\/div><\/div><div class=\"av-section-color-overlay-wrap\"><div class=\"av-section-color-overlay\"><\/div><div class='container av-section-cont-open' ><div class='template-page content  av-content-full alpha units'><div class='post-entry post-entry-type-page post-entry-1225'><div class='entry-content-wrapper clearfix'>\n\n<style type=\"text\/css\" data-created_by=\"avia_inline_auto\" id=\"style-css-av-kxw29nue-011a9928489ce4d3fb127ff5773f678a\">\n#top .av-special-heading.av-kxw29nue-011a9928489ce4d3fb127ff5773f678a{\nmargin:20px 0 0 0;\npadding-bottom:0;\ncolor:#ffffff;\nfont-size:40px;\n}\nbody .av-special-heading.av-kxw29nue-011a9928489ce4d3fb127ff5773f678a .av-special-heading-tag .heading-char{\nfont-size:25px;\n}\n#top #wrap_all .av-special-heading.av-kxw29nue-011a9928489ce4d3fb127ff5773f678a .av-special-heading-tag{\nfont-size:40px;\npadding:0 0 0 0;\n}\n.av-special-heading.av-kxw29nue-011a9928489ce4d3fb127ff5773f678a .special-heading-inner-border{\nborder-color:#ffffff;\n}\n.av-special-heading.av-kxw29nue-011a9928489ce4d3fb127ff5773f678a .av-subheading{\nfont-size:25px;\n}\n\n@media only screen and (min-width: 480px) and (max-width: 767px){ \n#top #wrap_all .av-special-heading.av-kxw29nue-011a9928489ce4d3fb127ff5773f678a .av-special-heading-tag{\nfont-size:0.8em;\n}\n}\n\n@media only screen and (max-width: 479px){ \n#top #wrap_all .av-special-heading.av-kxw29nue-011a9928489ce4d3fb127ff5773f678a .av-special-heading-tag{\nfont-size:0.8em;\n}\n}\n<\/style>\n<div  class='av-special-heading av-kxw29nue-011a9928489ce4d3fb127ff5773f678a av-special-heading-h2 custom-color-heading blockquote modern-quote modern-centered  avia-builder-el-14  avia-builder-el-no-sibling  av-inherit-size'><h2 class='av-special-heading-tag'  itemprop=\"headline\"  >BALCONES<\/h2><div class='av_custom_color av-subheading av-subheading_below'><p>Espacio cubierto en caso de lluvia. Es la joya del Mart\u00ednez, vistas directas a la ciudad y al mar. Para celebraciones \u00edntimas, formales, presentaciones y formaciones de empresa. Confortable y adaptada a cualquier tipo de evento. Entrada desde la puerta principal.<\/p>\n<\/div><div class=\"special-heading-border\"><div class=\"special-heading-inner-border\"><\/div><\/div><\/div>\n\n","protected":false},"excerpt":{"rendered":"","protected":false},"author":4,"featured_media":0,"parent":0,"menu_order":0,"comment_status":"closed","ping_status":"closed","template":"","meta":{"_lmt_disableupdate":"no","_lmt_disable":"","footnotes":""},"class_list":["post-1225","page","type-page","status-publish","hentry"],"yoast_head":"<!-- This site is optimized with the Yoast SEO Premium plugin v21.5 (Yoast SEO v24.6) - https:\/\/yoast.com\/wordpress\/plugins\/seo\/ -->\n<title>MARTINEZ - Martinez \u00b7 Arroces y Brasas<\/title>\n<meta name=\"robots\" content=\"index, follow, max-snippet:-1, max-image-preview:large, max-video-preview:-1\" \/>\n<link rel=\"canonical\" href=\"https:\/\/martinezbarcelona.com\/ca\/martinez\/\" \/>\n<meta property=\"og:locale\" content=\"ca_ES\" \/>\n<meta property=\"og:type\" content=\"article\" \/>\n<meta property=\"og:title\" content=\"MARTINEZ\" \/>\n<meta property=\"og:url\" content=\"https:\/\/martinezbarcelona.com\/ca\/martinez\/\" \/>\n<meta property=\"og:site_name\" content=\"Martinez \u00b7 Arroces y Brasas\" \/>\n<meta property=\"article:publisher\" content=\"https:\/\/www.facebook.com\/terrazamartinezbarcelona\/\" \/>\n<meta property=\"article:modified_time\" content=\"2025-05-26T10:25:47+00:00\" \/>\n<meta name=\"twitter:card\" content=\"summary_large_image\" \/>\n<meta name=\"twitter:label1\" content=\"Temps estimat de lectura\" \/>\n\t<meta name=\"twitter:data1\" content=\"2 minuts\" \/>\n<script type=\"application\/ld+json\" class=\"yoast-schema-graph\">{\"@context\":\"https:\/\/schema.org\",\"@graph\":[{\"@type\":\"WebPage\",\"@id\":\"https:\/\/martinezbarcelona.com\/ca\/martinez\/\",\"url\":\"https:\/\/martinezbarcelona.com\/ca\/martinez\/\",\"name\":\"MARTINEZ - Martinez \u00b7 Arroces y Brasas\",\"isPartOf\":{\"@id\":\"https:\/\/martinezbarcelona.com\/ca\/#website\"},\"datePublished\":\"2022-02-25T09:41:23+00:00\",\"dateModified\":\"2025-05-26T10:25:47+00:00\",\"breadcrumb\":{\"@id\":\"https:\/\/martinezbarcelona.com\/ca\/martinez\/#breadcrumb\"},\"inLanguage\":\"ca\",\"potentialAction\":[{\"@type\":\"ReadAction\",\"target\":[\"https:\/\/martinezbarcelona.com\/ca\/martinez\/\"]}]},{\"@type\":\"BreadcrumbList\",\"@id\":\"https:\/\/martinezbarcelona.com\/ca\/martinez\/#breadcrumb\",\"itemListElement\":[{\"@type\":\"ListItem\",\"position\":1,\"name\":\"Portada\",\"item\":\"https:\/\/martinezbarcelona.com\/ca\/home\/\"},{\"@type\":\"ListItem\",\"position\":2,\"name\":\"MARTINEZ\"}]},{\"@type\":\"WebSite\",\"@id\":\"https:\/\/martinezbarcelona.com\/ca\/#website\",\"url\":\"https:\/\/martinezbarcelona.com\/ca\/\",\"name\":\"Martinez \u00b7 Arroces y Brasas\",\"description\":\"Restaurante Terraza Martinez\",\"potentialAction\":[{\"@type\":\"SearchAction\",\"target\":{\"@type\":\"EntryPoint\",\"urlTemplate\":\"https:\/\/martinezbarcelona.com\/ca\/?s={search_term_string}\"},\"query-input\":{\"@type\":\"PropertyValueSpecification\",\"valueRequired\":true,\"valueName\":\"search_term_string\"}}],\"inLanguage\":\"ca\"}]}<\/script>\n<!-- \/ Yoast SEO Premium plugin. -->","yoast_head_json":{"title":"MARTINEZ - Martinez \u00b7 Arroces y Brasas","robots":{"index":"index","follow":"follow","max-snippet":"max-snippet:-1","max-image-preview":"max-image-preview:large","max-video-preview":"max-video-preview:-1"},"canonical":"https:\/\/martinezbarcelona.com\/ca\/martinez\/","og_locale":"ca_ES","og_type":"article","og_title":"MARTINEZ","og_url":"https:\/\/martinezbarcelona.com\/ca\/martinez\/","og_site_name":"Martinez \u00b7 Arroces y Brasas","article_publisher":"https:\/\/www.facebook.com\/terrazamartinezbarcelona\/","article_modified_time":"2025-05-26T10:25:47+00:00","twitter_card":"summary_large_image","twitter_misc":{"Temps estimat de lectura":"2 minuts"},"schema":{"@context":"https:\/\/schema.org","@graph":[{"@type":"WebPage","@id":"https:\/\/martinezbarcelona.com\/ca\/martinez\/","url":"https:\/\/martinezbarcelona.com\/ca\/martinez\/","name":"MARTINEZ - Martinez \u00b7 Arroces y Brasas","isPartOf":{"@id":"https:\/\/martinezbarcelona.com\/ca\/#website"},"datePublished":"2022-02-25T09:41:23+00:00","dateModified":"2025-05-26T10:25:47+00:00","breadcrumb":{"@id":"https:\/\/martinezbarcelona.com\/ca\/martinez\/#breadcrumb"},"inLanguage":"ca","potentialAction":[{"@type":"ReadAction","target":["https:\/\/martinezbarcelona.com\/ca\/martinez\/"]}]},{"@type":"BreadcrumbList","@id":"https:\/\/martinezbarcelona.com\/ca\/martinez\/#breadcrumb","itemListElement":[{"@type":"ListItem","position":1,"name":"Portada","item":"https:\/\/martinezbarcelona.com\/ca\/home\/"},{"@type":"ListItem","position":2,"name":"MARTINEZ"}]},{"@type":"WebSite","@id":"https:\/\/martinezbarcelona.com\/ca\/#website","url":"https:\/\/martinezbarcelona.com\/ca\/","name":"Martinez \u00b7 Arroces y Brasas","description":"Restaurante Terraza Martinez","potentialAction":[{"@type":"SearchAction","target":{"@type":"EntryPoint","urlTemplate":"https:\/\/martinezbarcelona.com\/ca\/?s={search_term_string}"},"query-input":{"@type":"PropertyValueSpecification","valueRequired":true,"valueName":"search_term_string"}}],"inLanguage":"ca"}]}},"_links":{"self":[{"href":"https:\/\/martinezbarcelona.com\/ca\/wp-json\/wp\/v2\/pages\/1225","targetHints":{"allow":["GET"]}}],"collection":[{"href":"https:\/\/martinezbarcelona.com\/ca\/wp-json\/wp\/v2\/pages"}],"about":[{"href":"https:\/\/martinezbarcelona.com\/ca\/wp-json\/wp\/v2\/types\/page"}],"author":[{"embeddable":true,"href":"https:\/\/martinezbarcelona.com\/ca\/wp-json\/wp\/v2\/users\/4"}],"replies":[{"embeddable":true,"href":"https:\/\/martinezbarcelona.com\/ca\/wp-json\/wp\/v2\/comments?post=1225"}],"version-history":[{"count":8,"href":"https:\/\/martinezbarcelona.com\/ca\/wp-json\/wp\/v2\/pages\/1225\/revisions"}],"predecessor-version":[{"id":6491,"href":"https:\/\/martinezbarcelona.com\/ca\/wp-json\/wp\/v2\/pages\/1225\/revisions\/6491"}],"wp:attachment":[{"href":"https:\/\/martinezbarcelona.com\/ca\/wp-json\/wp\/v2\/media?parent=1225"}],"curies":[{"name":"wp","href":"https:\/\/api.w.org\/{rel}","templated":true}]}}